{"id":34,"date":"2018-05-11T10:59:49","date_gmt":"2018-05-11T10:59:49","guid":{"rendered":"http:\/\/illesconstrucciones.com\/?page_id=34"},"modified":"2018-05-11T11:00:27","modified_gmt":"2018-05-11T11:00:27","slug":"reformas","status":"publish","type":"page","link":"https:\/\/illesconstrucciones.com\/index.php\/reformas\/","title":{"rendered":"Reformas"},"content":{"rendered":"<p>Realizamos reformas de viviendas y locales de todo tipo, con alto nivel de calidad, y adaptadas a cada cliente.<\/p>\n<p>Trabajamos con materiales de la m\u00e1xima calidad y con personal altamente cualificado, lo que nos permite garantizar todos nuestros trabajos de forma r\u00e1pida y con garant\u00edas.<\/p>\n<p>Le ofrecemos a continuaci\u00f3n, una relaci\u00f3n de\u00a0nuestros principales servicios de reformas, pero si no encuentra\u00a0el servicio que usted necesita, contacte con nosotros y buscaremos una\u00a0soluci\u00f3n.<\/p>\n<ul>\n<li>Gesti\u00f3n de los permisos de obras<\/li>\n<li>Instalaci\u00f3n de cerramientos<\/li>\n<li>Instalaci\u00f3n de todo tipo de embaldosados<\/li>\n<li>Microcementos<\/li>\n<li>Impermeabilizaciones<\/li>\n<li>Instalaci\u00f3n de aislamientos t\u00e9rmicos y ac\u00fasticos<\/li>\n<li>Construcci\u00f3n de piscinas de obra<\/li>\n<li>Construcci\u00f3n de aljibes<\/li>\n<li>Aplicaci\u00f3n de pinturas en interior y exterior<\/li>\n<li>Reformas completas de ba\u00f1os<\/li>\n<li>Reformas completas de cocinas<\/li>\n<\/ul>\n<h4>Instalaciones completas de:<\/h4>\n<ul>\n<li>Fontaner\u00eda<\/li>\n<li>Gas<\/li>\n<li>Electricidad<\/li>\n<li>Aire acondicionado<\/li>\n<li>Instalaci\u00f3n de pladur y escayola<\/li>\n<li>Decoraci\u00f3n interior y exterior<\/li>\n<li>Cubiertas y tejados<\/li>\n<li>Instalaci\u00f3n de placas solares<\/li>\n<li>Instalaci\u00f3n de generadores el\u00e9ctricos<\/li>\n<li>Rehabilitaciones<\/li>\n<\/ul>\n","protected":false},"excerpt":{"rendered":"<p>Realizamos reformas de viviendas y locales de todo tipo, con alto nivel de calidad, y adaptadas a cada cliente. Trabajamos con materiales de la m\u00e1xima calidad y con personal altamente cualificado, lo que nos permite garantizar todos nuestros trabajos de forma r\u00e1pida y con garant\u00edas. Le ofrecemos a continuaci\u00f3n, una relaci\u00f3n de\u00a0nuestros principales servicios de [&hellip;]<\/p>\n","protected":false},"author":1,"featured_media":38,"parent":0,"menu_order":0,"comment_status":"closed","ping_status":"closed","template":"","meta":{"footnotes":""},"class_list":["post-34","page","type-page","status-publish","has-post-thumbnail","czr-hentry"],"_links":{"self":[{"href":"https:\/\/illesconstrucciones.com\/index.php\/wp-json\/wp\/v2\/pages\/34","targetHints":{"allow":["GET"]}}],"collection":[{"href":"https:\/\/illesconstrucciones.com\/index.php\/wp-json\/wp\/v2\/pages"}],"about":[{"href":"https:\/\/illesconstrucciones.com\/index.php\/wp-json\/wp\/v2\/types\/page"}],"author":[{"embeddable":true,"href":"https:\/\/illesconstrucciones.com\/index.php\/wp-json\/wp\/v2\/users\/1"}],"replies":[{"embeddable":true,"href":"https:\/\/illesconstrucciones.com\/index.php\/wp-json\/wp\/v2\/comments?post=34"}],"version-history":[{"count":1,"href":"https:\/\/illesconstrucciones.com\/index.php\/wp-json\/wp\/v2\/pages\/34\/revisions"}],"predecessor-version":[{"id":37,"href":"https:\/\/illesconstrucciones.com\/index.php\/wp-json\/wp\/v2\/pages\/34\/revisions\/37"}],"wp:featuredmedia":[{"embeddable":true,"href":"https:\/\/illesconstrucciones.com\/index.php\/wp-json\/wp\/v2\/media\/38"}],"wp:attachment":[{"href":"https:\/\/illesconstrucciones.com\/index.php\/wp-json\/wp\/v2\/media?parent=34"}],"curies":[{"name":"wp","href":"https:\/\/api.w.org\/{rel}","templated":true}]}}