{"id":30,"date":"2018-05-11T10:56:13","date_gmt":"2018-05-11T10:56:13","guid":{"rendered":"http:\/\/illesconstrucciones.com\/?page_id=30"},"modified":"2018-05-11T10:56:13","modified_gmt":"2018-05-11T10:56:13","slug":"obra-nueva","status":"publish","type":"page","link":"https:\/\/illesconstrucciones.com\/index.php\/obra-nueva\/","title":{"rendered":"Obra Nueva"},"content":{"rendered":"<p>Realizamos nuevas construcciones de viviendas de todo tipo, con alto nivel de calidad, y adaptadas a cada cliente.<\/p>\n<p>Le ofrecemos la opci\u00f3n de encontrar\u00a0para usted, el solar m\u00e1s adecuado para su nueva vivienda, seg\u00fan sus requerimientos y preferencias.<\/p>\n<p>Le proporcionamos un servicio llave en mano, desde la b\u00fasqueda de su solar o terreno hasta la entrega de su vivienda terminada.<\/p>\n<p>Le ofrecemos a continuaci\u00f3n, una relaci\u00f3n de\u00a0nuestros principales servicios de construcci\u00f3n de viviendas, pero si no encuentra\u00a0el servicio que usted necesita, contacte con nosotros y buscaremos una\u00a0soluci\u00f3n.<\/p>\n<ul>\n<li>B\u00fasqueda de solares urbanizables<\/li>\n<li>Realizaci\u00f3n del dise\u00f1o de la vivienda<\/li>\n<li>Planos y arquitectos<\/li>\n<li>Gesti\u00f3n de los permisos de obras<\/li>\n<li>Realizaci\u00f3n de estructuras y cimentaciones<\/li>\n<li>Instalaci\u00f3n de cerramientos<\/li>\n<li>Instalaci\u00f3n de todo tipo de embaldosados<\/li>\n<li>Microcementos<\/li>\n<li>Impermeabilizaciones<\/li>\n<li>Instalaci\u00f3n de aislamientos t\u00e9rmicos y ac\u00fasticos<\/li>\n<li>Construcci\u00f3n de piscinas de obra<\/li>\n<li>Construcci\u00f3n de aljibes<\/li>\n<li>Aplicaci\u00f3n de pinturas en interior y exterior<\/li>\n<\/ul>\n<h4>Instalaciones completas de:<\/h4>\n<ul>\n<li>Fontaner\u00eda<\/li>\n<li>Gas<\/li>\n<li>Electricidad<\/li>\n<li>Aire acondicionado<\/li>\n<li>Instalaci\u00f3n de pladur y escayola<\/li>\n<li>Decoraci\u00f3n interior y exterior<\/li>\n<li>Cubiertas y tejados<\/li>\n<li>Instalaci\u00f3n de placas solares<\/li>\n<li>Instalaci\u00f3n de generadores el\u00e9ctricos<\/li>\n<li>Rehabilitaciones<\/li>\n<\/ul>\n","protected":false},"excerpt":{"rendered":"<p>Realizamos nuevas construcciones de viviendas de todo tipo, con alto nivel de calidad, y adaptadas a cada cliente. Le ofrecemos la opci\u00f3n de encontrar\u00a0para usted, el solar m\u00e1s adecuado para su nueva vivienda, seg\u00fan sus requerimientos y preferencias. Le proporcionamos un servicio llave en mano, desde la b\u00fasqueda de su solar o terreno hasta la [&hellip;]<\/p>\n","protected":false},"author":1,"featured_media":31,"parent":0,"menu_order":0,"comment_status":"closed","ping_status":"closed","template":"","meta":{"footnotes":""},"class_list":["post-30","page","type-page","status-publish","has-post-thumbnail","czr-hentry"],"_links":{"self":[{"href":"https:\/\/illesconstrucciones.com\/index.php\/wp-json\/wp\/v2\/pages\/30","targetHints":{"allow":["GET"]}}],"collection":[{"href":"https:\/\/illesconstrucciones.com\/index.php\/wp-json\/wp\/v2\/pages"}],"about":[{"href":"https:\/\/illesconstrucciones.com\/index.php\/wp-json\/wp\/v2\/types\/page"}],"author":[{"embeddable":true,"href":"https:\/\/illesconstrucciones.com\/index.php\/wp-json\/wp\/v2\/users\/1"}],"replies":[{"embeddable":true,"href":"https:\/\/illesconstrucciones.com\/index.php\/wp-json\/wp\/v2\/comments?post=30"}],"version-history":[{"count":1,"href":"https:\/\/illesconstrucciones.com\/index.php\/wp-json\/wp\/v2\/pages\/30\/revisions"}],"predecessor-version":[{"id":33,"href":"https:\/\/illesconstrucciones.com\/index.php\/wp-json\/wp\/v2\/pages\/30\/revisions\/33"}],"wp:featuredmedia":[{"embeddable":true,"href":"https:\/\/illesconstrucciones.com\/index.php\/wp-json\/wp\/v2\/media\/31"}],"wp:attachment":[{"href":"https:\/\/illesconstrucciones.com\/index.php\/wp-json\/wp\/v2\/media?parent=30"}],"curies":[{"name":"wp","href":"https:\/\/api.w.org\/{rel}","templated":true}]}}