{"id":25,"date":"2018-05-11T10:47:08","date_gmt":"2018-05-11T10:47:08","guid":{"rendered":"http:\/\/illesconstrucciones.com\/?page_id=25"},"modified":"2018-05-11T10:49:18","modified_gmt":"2018-05-11T10:49:18","slug":"mantenimiento","status":"publish","type":"page","link":"https:\/\/illesconstrucciones.com\/index.php\/mantenimiento\/","title":{"rendered":"Mantenimiento"},"content":{"rendered":"<p>Ofrecemos un servicio de <strong>mantenimiento integral con la m\u00e1xima calidad<\/strong> y con los profesionales del sector mejor cualificados, para que usted no tenga que preocuparse de nada.<\/p>\n<p>Nuestra experiencia en el sector, un equipo profesional\u00a0y\u00a0la satisfacci\u00f3n de nuestros clientes nos avalan.<\/p>\n<p>Disponemos de soluciones a las\u00a0necesidades de cada cliente, lo que nos permite ofrecer una\u00a0 amplia oferta de servicios.<\/p>\n<p>A continuaci\u00f3n, nuestros principales servicios, si no encuentra\u00a0el que usted necesita, contacte con nosotros y buscaremos una\u00a0soluci\u00f3n.<\/p>\n<h4><\/h4>\n<h4>Custodia de vivienda<\/h4>\n<ul>\n<li>Custodia para alquileres<\/li>\n<li>Custodia para entrega de llaves<\/li>\n<li>Custodia para comprobaci\u00f3n de alarmas<\/li>\n<\/ul>\n<h4><\/h4>\n<h4>\u00a0Limpiezas integrales<\/h4>\n<ul>\n<li>Servicio de limpieza general<\/li>\n<li>Servicio de lavander\u00eda<\/li>\n<li>Servicio de cuidado de plantas<\/li>\n<li>Servicios particulares de limpieza frecuenciales<\/li>\n<\/ul>\n<h4><\/h4>\n<h4>Servicios generales de mantenimiento<\/h4>\n<ul>\n<li>Revisi\u00f3n de las instalaciones de suministros b\u00e1sicos<\/li>\n<li>Alumbrado<\/li>\n<li>Fontaner\u00eda<\/li>\n<li>Aljibes<\/li>\n<li>Gas<\/li>\n<li>Revisi\u00f3n y mantenimiento de la carpinter\u00eda de madera<\/li>\n<li>Revisi\u00f3n y mantenimiento de la carpinter\u00eda de aluminio y cristaler\u00eda<\/li>\n<\/ul>\n<h4><\/h4>\n<h4>Jardiner\u00eda<\/h4>\n<ul>\n<li>Dise\u00f1o y construcci\u00f3n de jardines<\/li>\n<li>Mantenimiento de jardines<\/li>\n<li>Sistemas de riegos<\/li>\n<li>Abonos<\/li>\n<li>Fumigaci\u00f3n y control de plagas<\/li>\n<li>Mantenimiento del c\u00e9sped<\/li>\n<li>Poda de \u00e1rboles<\/li>\n<li>Retirada de residuos y transporte hasta el vertedero<\/li>\n<li>Tala y retirada de \u00e1rboles<\/li>\n<\/ul>\n<h4><\/h4>\n<h4>Mantenimiento de piscinas<\/h4>\n<ul>\n<li>Control del cloro o la sal<\/li>\n<li>Control del PH del agua<\/li>\n<li>Control del sistema de alumbrado<\/li>\n<li>Control del estado de la piscina<\/li>\n<li>Control de la depuradora y sus filtros<\/li>\n<li>Control de las instalaciones de tuber\u00edas<\/li>\n<\/ul>\n","protected":false},"excerpt":{"rendered":"<p>Ofrecemos un servicio de mantenimiento integral con la m\u00e1xima calidad y con los profesionales del sector mejor cualificados, para que usted no tenga que preocuparse de nada. Nuestra experiencia en el sector, un equipo profesional\u00a0y\u00a0la satisfacci\u00f3n de nuestros clientes nos avalan. Disponemos de soluciones a las\u00a0necesidades de cada cliente, lo que nos permite ofrecer una\u00a0 [&hellip;]<\/p>\n","protected":false},"author":1,"featured_media":28,"parent":0,"menu_order":0,"comment_status":"closed","ping_status":"closed","template":"","meta":{"footnotes":""},"class_list":["post-25","page","type-page","status-publish","has-post-thumbnail","czr-hentry"],"_links":{"self":[{"href":"https:\/\/illesconstrucciones.com\/index.php\/wp-json\/wp\/v2\/pages\/25","targetHints":{"allow":["GET"]}}],"collection":[{"href":"https:\/\/illesconstrucciones.com\/index.php\/wp-json\/wp\/v2\/pages"}],"about":[{"href":"https:\/\/illesconstrucciones.com\/index.php\/wp-json\/wp\/v2\/types\/page"}],"author":[{"embeddable":true,"href":"https:\/\/illesconstrucciones.com\/index.php\/wp-json\/wp\/v2\/users\/1"}],"replies":[{"embeddable":true,"href":"https:\/\/illesconstrucciones.com\/index.php\/wp-json\/wp\/v2\/comments?post=25"}],"version-history":[{"count":1,"href":"https:\/\/illesconstrucciones.com\/index.php\/wp-json\/wp\/v2\/pages\/25\/revisions"}],"predecessor-version":[{"id":27,"href":"https:\/\/illesconstrucciones.com\/index.php\/wp-json\/wp\/v2\/pages\/25\/revisions\/27"}],"wp:featuredmedia":[{"embeddable":true,"href":"https:\/\/illesconstrucciones.com\/index.php\/wp-json\/wp\/v2\/media\/28"}],"wp:attachment":[{"href":"https:\/\/illesconstrucciones.com\/index.php\/wp-json\/wp\/v2\/media?parent=25"}],"curies":[{"name":"wp","href":"https:\/\/api.w.org\/{rel}","templated":true}]}}