{"id":14,"date":"2018-05-10T17:11:53","date_gmt":"2018-05-10T17:11:53","guid":{"rendered":"http:\/\/illesconstrucciones.com\/?page_id=14"},"modified":"2018-05-11T11:18:11","modified_gmt":"2018-05-11T11:18:11","slug":"quienes-somos","status":"publish","type":"page","link":"https:\/\/illesconstrucciones.com\/index.php\/quienes-somos\/","title":{"rendered":"Quienes Somos"},"content":{"rendered":"<p><img loading=\"lazy\" decoding=\"async\" class=\"size-full wp-image-4 aligncenter\" src=\"http:\/\/illesconstrucciones.com\/wp-content\/uploads\/2018\/05\/logo.png\" alt=\"\" width=\"186\" height=\"112\" \/><\/p>\n<p style=\"text-align: center;\"><strong>Illes Construcciones<\/strong> naci\u00f3 en <em><strong>Mallorca<\/strong> <\/em>hace m\u00e1s de 20 a\u00f1os,<br \/>\nnos dedicamos a realizar cualquier tipo de trabajo de alba\u00f1iler\u00eda, jardiner\u00eda y decoraci\u00f3n.<\/p>\n<p style=\"text-align: center;\">Al principio nuestra actividad principal estaba enfocada principalmente a la construcci\u00f3n de obra nueva.<\/p>\n<p style=\"text-align: center;\">Dada la satisfacci\u00f3n de los clientes empezamos a ofrecer adem\u00e1s el servicio de reforma, jardiner\u00eda y otros.<\/p>\n<p style=\"text-align: center;\">Si busca profesionalidad no dude en contactar con nosotros.<\/p>\n<h2 style=\"text-align: center;\"><strong>Le presentamos nuestros principales servicios:<\/strong><\/h2>\n<h3 style=\"text-align: center;\"><em>Construcci\u00f3n y reforma de viviendas y locales<\/em><\/h3>\n<h3 style=\"text-align: center;\"><em>Custodia de viviendas<\/em><\/h3>\n<h3 style=\"text-align: center;\"><em>Limpiezas integrales<\/em><\/h3>\n<h3 style=\"text-align: center;\"><em>Jardiner\u00eda en general<\/em><\/h3>\n<h3 style=\"text-align: center;\"><em>Decoraci\u00f3n de interiores y jardines<\/em><\/h3>\n<h3 style=\"text-align: center;\"><em>Construcci\u00f3n y mantenimiento de piscinas<\/em><\/h3>\n","protected":false},"excerpt":{"rendered":"<p>Illes Construcciones naci\u00f3 en Mallorca hace m\u00e1s de 20 a\u00f1os, nos dedicamos a realizar cualquier tipo de trabajo de alba\u00f1iler\u00eda, jardiner\u00eda y decoraci\u00f3n. Al principio nuestra actividad principal estaba enfocada principalmente a la construcci\u00f3n de obra nueva. Dada la satisfacci\u00f3n de los clientes empezamos a ofrecer adem\u00e1s el servicio de reforma, jardiner\u00eda y otros. Si [&hellip;]<\/p>\n","protected":false},"author":1,"featured_media":49,"parent":0,"menu_order":0,"comment_status":"closed","ping_status":"closed","template":"","meta":{"footnotes":""},"class_list":["post-14","page","type-page","status-publish","has-post-thumbnail","czr-hentry"],"_links":{"self":[{"href":"https:\/\/illesconstrucciones.com\/index.php\/wp-json\/wp\/v2\/pages\/14","targetHints":{"allow":["GET"]}}],"collection":[{"href":"https:\/\/illesconstrucciones.com\/index.php\/wp-json\/wp\/v2\/pages"}],"about":[{"href":"https:\/\/illesconstrucciones.com\/index.php\/wp-json\/wp\/v2\/types\/page"}],"author":[{"embeddable":true,"href":"https:\/\/illesconstrucciones.com\/index.php\/wp-json\/wp\/v2\/users\/1"}],"replies":[{"embeddable":true,"href":"https:\/\/illesconstrucciones.com\/index.php\/wp-json\/wp\/v2\/comments?post=14"}],"version-history":[{"count":5,"href":"https:\/\/illesconstrucciones.com\/index.php\/wp-json\/wp\/v2\/pages\/14\/revisions"}],"predecessor-version":[{"id":22,"href":"https:\/\/illesconstrucciones.com\/index.php\/wp-json\/wp\/v2\/pages\/14\/revisions\/22"}],"wp:featuredmedia":[{"embeddable":true,"href":"https:\/\/illesconstrucciones.com\/index.php\/wp-json\/wp\/v2\/media\/49"}],"wp:attachment":[{"href":"https:\/\/illesconstrucciones.com\/index.php\/wp-json\/wp\/v2\/media?parent=14"}],"curies":[{"name":"wp","href":"https:\/\/api.w.org\/{rel}","templated":true}]}}